{"id":302,"date":"2019-09-04T20:39:37","date_gmt":"2019-09-04T18:39:37","guid":{"rendered":"https:\/\/www.voorwaartstwello.nl\/beach\/?page_id=302"},"modified":"2021-10-16T13:30:09","modified_gmt":"2021-10-16T11:30:09","slug":"events","status":"publish","type":"page","link":"https:\/\/www.voorwaartstwello.nl\/beach\/beach-volleybal\/events\/","title":{"rendered":"Events"},"content":{"rendered":"<h2>BEACHVOLLEYBAL<\/h2>\n<p>Tijdens het beachseizoen (april &#8211; september) organiseert Beachsport Twello jaarlijks \u00e9\u00e9n of meerdere beachevents. Deze worden ook weer gegeven in de <a href=\"https:\/\/www.voorwaartstwello.nl\/beach\/agenda\/\">agenda<\/a>.<\/p>\n<p>E\u00e9n van de hoogtepunten van deze activiteiten was de ontvangst van twee Nederlandse bekende internationals op Sportpark De Laene voor de:<\/p>\n<p><strong><span style=\"color: #ff6600\">TeamNL Beach Tour<\/span><\/strong><br \/>\nOp <strong>woensdag 8 juli <\/strong>kwamen de nationale beachtoppers <strong>Christiaan Varenhorst<\/strong> en <strong>Stefan Boermans<\/strong> in het kader van de <strong>TeamNL Beach Tour<\/strong> naar Sportpark De Laene voor een gave beachvolleybal clinic voor de jeugd van 8 t\/m 18 jaar!<\/p>\n<p><strong>TeamNL Beach Tour<\/strong><br \/>\nTeamNL Beach Tour is een initiatief van de Nevobo (Nederlandse Volleybal Bond) met als doel de jeugd te motiveren om lekker te sporten en vitaal te blijven. De beachvolleyballers van TeamNL Beach Tour gingen naar verschillende volleybalverenigingen in heel Nederland. Toppers als Christiaan Varenhorst, Alexander Brouwer, Robert Meeuwsen en diverse vrouwelijke top beachvolleyballers zijn daar aan het volleyballen gegaan met de jeugd.<\/p>\n<p>Sinds de aankondiging van de TeamNL Beach Tour hadden in \u00e9\u00e9n week tijd meer dan 70 volleybalverenigingen een clinic aangevraagd. Wij waren dan ook ongelooflijk blij (en stiekem ook wel een beetje trots) op het feit dat TeamNL Beach Tour ook naar Twello kwam!<\/p>\n<p><strong>Foto impressie &amp; after movie<br \/>\n<\/strong>Een foto impressie en after movie van deze leuke avond vind je op onze <a href=\"https:\/\/www.facebook.com\/209108305864227\/posts\/2842162029225495\/\">Facebook pagina<\/a>.<\/p>\n<p><img loading=\"lazy\" decoding=\"async\" class=\"alignnone size-medium wp-image-876\" src=\"https:\/\/www.voorwaartstwello.nl\/beach\/wp-content\/uploads\/sites\/6\/2020\/06\/Kopie-van-HIGH-FIVE-640x640.png\" alt=\"TeamNL Beach Tour\" width=\"640\" height=\"640\" srcset=\"https:\/\/voorwaartstwello.nl\/app\/uploads\/sites\/6\/2020\/06\/Kopie-van-HIGH-FIVE-640x640.png 640w, https:\/\/voorwaartstwello.nl\/app\/uploads\/sites\/6\/2020\/06\/Kopie-van-HIGH-FIVE-400x400.png 400w, https:\/\/voorwaartstwello.nl\/app\/uploads\/sites\/6\/2020\/06\/Kopie-van-HIGH-FIVE-768x768.png 768w, https:\/\/voorwaartstwello.nl\/app\/uploads\/sites\/6\/2020\/06\/Kopie-van-HIGH-FIVE.png 1080w\" sizes=\"auto, (max-width: 640px) 100vw, 640px\" \/><\/p>\n","protected":false},"excerpt":{"rendered":"<p>BEACHVOLLEYBAL Tijdens het beachseizoen (april &#8211; september) organiseert Beachsport Twello jaarlijks \u00e9\u00e9n of meerdere beachevents. Deze worden ook weer gegeven in de agenda. E\u00e9n van de hoogtepunten van deze activiteiten was de ontvangst van twee Nederlandse bekende internationals op Sportpark De Laene voor de: TeamNL Beach Tour Op woensdag 8 juli kwamen de nationale beachtoppers [&hellip;]<\/p>\n","protected":false},"author":7,"featured_media":570,"parent":10,"menu_order":4,"comment_status":"closed","ping_status":"closed","template":"","meta":{"_acf_changed":false,"footnotes":""},"class_list":["post-302","page","type-page","status-publish","has-post-thumbnail","hentry"],"acf":[],"yoast_head":"<!-- This site is optimized with the Yoast SEO plugin v23.9 - https:\/\/yoast.com\/wordpress\/plugins\/seo\/ -->\n<title>Events - Beach<\/title>\n<meta name=\"robots\" content=\"index, follow, max-snippet:-1, max-image-preview:large, max-video-preview:-1\" \/>\n<link rel=\"canonical\" href=\"https:\/\/www.voorwaartstwello.nl\/beach\/beach-volleybal\/events\/\" \/>\n<meta property=\"og:locale\" content=\"nl_NL\" \/>\n<meta property=\"og:type\" content=\"article\" \/>\n<meta property=\"og:title\" content=\"Events - Beach\" \/>\n<meta property=\"og:description\" content=\"BEACHVOLLEYBAL Tijdens het beachseizoen (april &#8211; september) organiseert Beachsport Twello jaarlijks \u00e9\u00e9n of meerdere beachevents. Deze worden ook weer gegeven in de agenda. E\u00e9n van de hoogtepunten van deze activiteiten was de ontvangst van twee Nederlandse bekende internationals op Sportpark De Laene voor de: TeamNL Beach Tour Op woensdag 8 juli kwamen de nationale beachtoppers [&hellip;]\" \/>\n<meta property=\"og:url\" content=\"https:\/\/www.voorwaartstwello.nl\/beach\/beach-volleybal\/events\/\" \/>\n<meta property=\"og:site_name\" content=\"Beach\" \/>\n<meta property=\"article:modified_time\" content=\"2021-10-16T11:30:09+00:00\" \/>\n<meta property=\"og:image\" content=\"https:\/\/voorwaartstwello.nl\/app\/uploads\/sites\/6\/2019\/09\/BST-goes-Ameland-2-jaren.jpg\" \/>\n\t<meta property=\"og:image:width\" content=\"1940\" \/>\n\t<meta property=\"og:image:height\" content=\"398\" \/>\n\t<meta property=\"og:image:type\" content=\"image\/jpeg\" \/>\n<meta name=\"twitter:card\" content=\"summary_large_image\" \/>\n<meta name=\"twitter:label1\" content=\"Est. reading time\" \/>\n\t<meta name=\"twitter:data1\" content=\"1 minuut\" \/>\n<script type=\"application\/ld+json\" class=\"yoast-schema-graph\">{\"@context\":\"https:\/\/schema.org\",\"@graph\":[{\"@type\":\"WebPage\",\"@id\":\"https:\/\/www.voorwaartstwello.nl\/beach\/beach-volleybal\/events\/\",\"url\":\"https:\/\/www.voorwaartstwello.nl\/beach\/beach-volleybal\/events\/\",\"name\":\"Events - Beach\",\"isPartOf\":{\"@id\":\"https:\/\/www.voorwaartstwello.nl\/beach\/#website\"},\"primaryImageOfPage\":{\"@id\":\"https:\/\/www.voorwaartstwello.nl\/beach\/beach-volleybal\/events\/#primaryimage\"},\"image\":{\"@id\":\"https:\/\/www.voorwaartstwello.nl\/beach\/beach-volleybal\/events\/#primaryimage\"},\"thumbnailUrl\":\"https:\/\/voorwaartstwello.nl\/app\/uploads\/sites\/6\/2019\/09\/BST-goes-Ameland-2-jaren.jpg\",\"datePublished\":\"2019-09-04T18:39:37+00:00\",\"dateModified\":\"2021-10-16T11:30:09+00:00\",\"breadcrumb\":{\"@id\":\"https:\/\/www.voorwaartstwello.nl\/beach\/beach-volleybal\/events\/#breadcrumb\"},\"inLanguage\":\"nl\",\"potentialAction\":[{\"@type\":\"ReadAction\",\"target\":[\"https:\/\/www.voorwaartstwello.nl\/beach\/beach-volleybal\/events\/\"]}]},{\"@type\":\"ImageObject\",\"inLanguage\":\"nl\",\"@id\":\"https:\/\/www.voorwaartstwello.nl\/beach\/beach-volleybal\/events\/#primaryimage\",\"url\":\"https:\/\/voorwaartstwello.nl\/app\/uploads\/sites\/6\/2019\/09\/BST-goes-Ameland-2-jaren.jpg\",\"contentUrl\":\"https:\/\/voorwaartstwello.nl\/app\/uploads\/sites\/6\/2019\/09\/BST-goes-Ameland-2-jaren.jpg\",\"width\":1940,\"height\":398,\"caption\":\"Beachsport Twello goes Ameland\"},{\"@type\":\"BreadcrumbList\",\"@id\":\"https:\/\/www.voorwaartstwello.nl\/beach\/beach-volleybal\/events\/#breadcrumb\",\"itemListElement\":[{\"@type\":\"ListItem\",\"position\":1,\"name\":\"Beachvolleybal\",\"item\":\"https:\/\/www.voorwaartstwello.nl\/beach\/beach-volleybal\/\"},{\"@type\":\"ListItem\",\"position\":2,\"name\":\"Events\"}]},{\"@type\":\"WebSite\",\"@id\":\"https:\/\/www.voorwaartstwello.nl\/beach\/#website\",\"url\":\"https:\/\/www.voorwaartstwello.nl\/beach\/\",\"name\":\"Beach\",\"description\":\"Een andere Voorwaarts Twello Network site\",\"potentialAction\":[{\"@type\":\"SearchAction\",\"target\":{\"@type\":\"EntryPoint\",\"urlTemplate\":\"https:\/\/www.voorwaartstwello.nl\/beach\/?s={search_term_string}\"},\"query-input\":{\"@type\":\"PropertyValueSpecification\",\"valueRequired\":true,\"valueName\":\"search_term_string\"}}],\"inLanguage\":\"nl\"}]}<\/script>\n<!-- \/ Yoast SEO plugin. -->","yoast_head_json":{"title":"Events - Beach","robots":{"index":"index","follow":"follow","max-snippet":"max-snippet:-1","max-image-preview":"max-image-preview:large","max-video-preview":"max-video-preview:-1"},"canonical":"https:\/\/www.voorwaartstwello.nl\/beach\/beach-volleybal\/events\/","og_locale":"nl_NL","og_type":"article","og_title":"Events - Beach","og_description":"BEACHVOLLEYBAL Tijdens het beachseizoen (april &#8211; september) organiseert Beachsport Twello jaarlijks \u00e9\u00e9n of meerdere beachevents. Deze worden ook weer gegeven in de agenda. E\u00e9n van de hoogtepunten van deze activiteiten was de ontvangst van twee Nederlandse bekende internationals op Sportpark De Laene voor de: TeamNL Beach Tour Op woensdag 8 juli kwamen de nationale beachtoppers [&hellip;]","og_url":"https:\/\/www.voorwaartstwello.nl\/beach\/beach-volleybal\/events\/","og_site_name":"Beach","article_modified_time":"2021-10-16T11:30:09+00:00","og_image":[{"width":1940,"height":398,"url":"https:\/\/voorwaartstwello.nl\/app\/uploads\/sites\/6\/2019\/09\/BST-goes-Ameland-2-jaren.jpg","type":"image\/jpeg"}],"twitter_card":"summary_large_image","twitter_misc":{"Est. reading time":"1 minuut"},"schema":{"@context":"https:\/\/schema.org","@graph":[{"@type":"WebPage","@id":"https:\/\/www.voorwaartstwello.nl\/beach\/beach-volleybal\/events\/","url":"https:\/\/www.voorwaartstwello.nl\/beach\/beach-volleybal\/events\/","name":"Events - Beach","isPartOf":{"@id":"https:\/\/www.voorwaartstwello.nl\/beach\/#website"},"primaryImageOfPage":{"@id":"https:\/\/www.voorwaartstwello.nl\/beach\/beach-volleybal\/events\/#primaryimage"},"image":{"@id":"https:\/\/www.voorwaartstwello.nl\/beach\/beach-volleybal\/events\/#primaryimage"},"thumbnailUrl":"https:\/\/voorwaartstwello.nl\/app\/uploads\/sites\/6\/2019\/09\/BST-goes-Ameland-2-jaren.jpg","datePublished":"2019-09-04T18:39:37+00:00","dateModified":"2021-10-16T11:30:09+00:00","breadcrumb":{"@id":"https:\/\/www.voorwaartstwello.nl\/beach\/beach-volleybal\/events\/#breadcrumb"},"inLanguage":"nl","potentialAction":[{"@type":"ReadAction","target":["https:\/\/www.voorwaartstwello.nl\/beach\/beach-volleybal\/events\/"]}]},{"@type":"ImageObject","inLanguage":"nl","@id":"https:\/\/www.voorwaartstwello.nl\/beach\/beach-volleybal\/events\/#primaryimage","url":"https:\/\/voorwaartstwello.nl\/app\/uploads\/sites\/6\/2019\/09\/BST-goes-Ameland-2-jaren.jpg","contentUrl":"https:\/\/voorwaartstwello.nl\/app\/uploads\/sites\/6\/2019\/09\/BST-goes-Ameland-2-jaren.jpg","width":1940,"height":398,"caption":"Beachsport Twello goes Ameland"},{"@type":"BreadcrumbList","@id":"https:\/\/www.voorwaartstwello.nl\/beach\/beach-volleybal\/events\/#breadcrumb","itemListElement":[{"@type":"ListItem","position":1,"name":"Beachvolleybal","item":"https:\/\/www.voorwaartstwello.nl\/beach\/beach-volleybal\/"},{"@type":"ListItem","position":2,"name":"Events"}]},{"@type":"WebSite","@id":"https:\/\/www.voorwaartstwello.nl\/beach\/#website","url":"https:\/\/www.voorwaartstwello.nl\/beach\/","name":"Beach","description":"Een andere Voorwaarts Twello Network site","potentialAction":[{"@type":"SearchAction","target":{"@type":"EntryPoint","urlTemplate":"https:\/\/www.voorwaartstwello.nl\/beach\/?s={search_term_string}"},"query-input":{"@type":"PropertyValueSpecification","valueRequired":true,"valueName":"search_term_string"}}],"inLanguage":"nl"}]}},"_links":{"self":[{"href":"https:\/\/www.voorwaartstwello.nl\/beach\/wp-json\/wp\/v2\/pages\/302","targetHints":{"allow":["GET"]}}],"collection":[{"href":"https:\/\/www.voorwaartstwello.nl\/beach\/wp-json\/wp\/v2\/pages"}],"about":[{"href":"https:\/\/www.voorwaartstwello.nl\/beach\/wp-json\/wp\/v2\/types\/page"}],"author":[{"embeddable":true,"href":"https:\/\/www.voorwaartstwello.nl\/beach\/wp-json\/wp\/v2\/users\/7"}],"replies":[{"embeddable":true,"href":"https:\/\/www.voorwaartstwello.nl\/beach\/wp-json\/wp\/v2\/comments?post=302"}],"version-history":[{"count":15,"href":"https:\/\/www.voorwaartstwello.nl\/beach\/wp-json\/wp\/v2\/pages\/302\/revisions"}],"predecessor-version":[{"id":1148,"href":"https:\/\/www.voorwaartstwello.nl\/beach\/wp-json\/wp\/v2\/pages\/302\/revisions\/1148"}],"up":[{"embeddable":true,"href":"https:\/\/www.voorwaartstwello.nl\/beach\/wp-json\/wp\/v2\/pages\/10"}],"wp:featuredmedia":[{"embeddable":true,"href":"https:\/\/www.voorwaartstwello.nl\/beach\/wp-json\/wp\/v2\/media\/570"}],"wp:attachment":[{"href":"https:\/\/www.voorwaartstwello.nl\/beach\/wp-json\/wp\/v2\/media?parent=302"}],"curies":[{"name":"wp","href":"https:\/\/api.w.org\/{rel}","templated":true}]}}